{"id":12,"date":"2014-08-01T14:35:20","date_gmt":"2014-08-01T12:35:20","guid":{"rendered":"http:\/\/rachasist.pl\/?page_id=12"},"modified":"2023-11-14T23:36:12","modified_gmt":"2023-11-14T22:36:12","slug":"kontakt","status":"publish","type":"page","link":"http:\/\/rachasist.pl\/?page_id=12","title":{"rendered":"Kontakt"},"content":{"rendered":"<p><strong>Biuro Rachunkowe RACHASIST sp. z o.o.<\/strong><br \/>\n<strong>Joanna S\u0142owik <\/strong><br \/>\nUl.Trasa P\u00f3\u0142nocna 10B\/2<br \/>\n65-119 Zielona G\u00f3ra<br \/>\nNIP: 973 108 21 70<br \/>\nRegon 520688985<\/p>\n<p><strong>Ksi\u0119gowo\u015b\u0107, kadry<\/strong>,<strong>szkolenia, wsp\u00f3\u0142praca<\/strong><br \/>\n\u0141ukasz S\u0142owik<br \/>\nJoanna S\u0142owik<br \/>\n<a href=\"mailto:biuro@rachasist.pl\">biuro@rachasist.pl<\/a><br \/>\ntel. 721-950-758<\/p>\n<p><strong>Biuro Obs\u0142ugi Klienta<\/strong><br \/>\n<a href=\"mailto:sekretariat@rachasist.pl\">sekretariat@rachasist.pl<\/a><\/p>\n<p><strong>\u00a0<\/strong><\/p>\n","protected":false},"excerpt":{"rendered":"<p>Biuro Rachunkowe RACHASIST sp. z o.o. Joanna S\u0142owik Ul.Trasa P\u00f3\u0142nocna 10B\/2 65-119 Zielona G\u00f3ra NIP: 973 108 21 70 Regon 520688985 Ksi\u0119gowo\u015b\u0107, kadry,szkolenia, wsp\u00f3\u0142praca \u0141ukasz S\u0142owik Joanna S\u0142owik biuro@rachasist.pl tel. 721-950-758 Biuro Obs\u0142ugi Klienta sekretariat@rachasist.pl \u00a0<\/p>\n","protected":false},"author":1,"featured_media":0,"parent":0,"menu_order":3,"comment_status":"closed","ping_status":"closed","template":"","meta":{"footnotes":""},"_links":{"self":[{"href":"http:\/\/rachasist.pl\/index.php?rest_route=\/wp\/v2\/pages\/12"}],"collection":[{"href":"http:\/\/rachasist.pl\/index.php?rest_route=\/wp\/v2\/pages"}],"about":[{"href":"http:\/\/rachasist.pl\/index.php?rest_route=\/wp\/v2\/types\/page"}],"author":[{"embeddable":true,"href":"http:\/\/rachasist.pl\/index.php?rest_route=\/wp\/v2\/users\/1"}],"replies":[{"embeddable":true,"href":"http:\/\/rachasist.pl\/index.php?rest_route=%2Fwp%2Fv2%2Fcomments&post=12"}],"version-history":[{"count":18,"href":"http:\/\/rachasist.pl\/index.php?rest_route=\/wp\/v2\/pages\/12\/revisions"}],"predecessor-version":[{"id":433,"href":"http:\/\/rachasist.pl\/index.php?rest_route=\/wp\/v2\/pages\/12\/revisions\/433"}],"wp:attachment":[{"href":"http:\/\/rachasist.pl\/index.php?rest_route=%2Fwp%2Fv2%2Fmedia&parent=12"}],"curies":[{"name":"wp","href":"https:\/\/api.w.org\/{rel}","templated":true}]}}