{"id":393,"date":"2021-12-11T00:24:21","date_gmt":"2021-12-10T23:24:21","guid":{"rendered":"http:\/\/rachasist.pl\/?page_id=393"},"modified":"2025-11-29T20:04:54","modified_gmt":"2025-11-29T19:04:54","slug":"finanse","status":"publish","type":"page","link":"http:\/\/rachasist.pl\/?page_id=393","title":{"rendered":"Us\u0142ugi Concierge"},"content":{"rendered":"<p>Wsp\u00f3\u0142praca w ramach <strong>us\u0142ug concierge<\/strong> obejmuje szeroki wachlarz dzia\u0142a\u0144 maj\u0105cych na celu wsparcie Klienta w codziennych obowi\u0105zkach administracyjnych, ksi\u0119gowych i organizacyjnych.<\/p>\n<p>Nasze us\u0142ugi s\u0105 elastyczne i dostosowane do indywidualnych potrzeb ka\u017cdego Klienta, zapewniaj\u0105c kompleksow\u0105 pomoc, kt\u00f3ra pozwala zaoszcz\u0119dzi\u0107 czas i skupi\u0107 si\u0119 na kluczowych aspektach prowadzenia dzia\u0142alno\u015bci.<\/p>\n<p>&nbsp;<\/p>\n<ol>\n<li><strong> Opieka Dedykowanego Ksi\u0119gowego<\/strong><\/li>\n<\/ol>\n<ul>\n<li>Dedykowany opiekun<\/li>\n<li>Analiza potrzeb Klienta: regularne spotkania lub konsultacje maj\u0105ce na celu identyfikacj\u0119 nowych potrzeb i dopasowanie zakresu wsp\u00f3\u0142pracy do aktualnych wymaga\u0144.<\/li>\n<li>Raportowanie: bie\u017c\u0105ce informowanie o post\u0119pach w realizacji zlece\u0144 oraz dostarczanie regularnych raport\u00f3w z dzia\u0142alno\u015bci finansowej i administracyjnej.<\/li>\n<\/ul>\n<ol start=\"2\">\n<li>Wsparcie Administracyjne i Biurokratyczne<\/li>\n<\/ol>\n<ul>\n<li>Za\u0142atwianie formalno\u015bci urz\u0119dowych: reprezentacja klienta w urz\u0119dach, sk\u0142adanie deklaracji i dokument\u00f3w, monitorowanie zobowi\u0105za\u0144 podatkowych i prawnych.<\/li>\n<\/ul>\n<ol start=\"3\">\n<li><strong> Obs\u0142uga Finansowa i Ksi\u0119gowa<\/strong><\/li>\n<\/ol>\n<ul>\n<li>\n  <span style=\"text-decoration: underline; text-decoration-color: blue;\"> Codzienne Zarz\u0105dzanie Ksi\u0119gowo\u015bci\u0105<\/span>: bie\u017c\u0105ce rozliczanie przychod\u00f3w i koszt\u00f3w, przygotowywanie deklaracji podatkowych, kontrola p\u0142ynno\u015bci finansowej w tym:<\/li>\n<\/ul>\n<p>&#8211; prowadzenie elektronicznej dokumentacji firmy<\/p>\n<p>&#8211; wystawianie faktur sprzeda\u017cy<\/p>\n<p>&#8211; wysy\u0142anie faktur sprzeda\u017cy<\/p>\n<p>&#8211; odbi\u00f3r faktur kosztowych<\/p>\n<p>&#8211; przygotowywanie paczek przelew\u00f3w \/ przelew\u00f3w<\/p>\n<p>&#8211; monitoring nale\u017cno\u015bci<\/p>\n<p>&#8211; sporz\u0105dzanie wezwa\u0144 do zap\u0142aty<\/p>\n<p>&#8211; bie\u017c\u0105ce ksi\u0119gowanie wyci\u0105g\u00f3w bankowych<\/p>\n<ul>\n<li>Pomoc przy Uzyskiwaniu Finansowania: wsparcie w przygotowaniu wniosk\u00f3w kredytowych, leasingowych oraz aplikacji o dofinansowanie lub dotacje.<\/li>\n<\/ul>\n<ol start=\"4\">\n<li>Zarz\u0105dzanie Kalendarzem i Organizacja Pracy<\/li>\n<\/ol>\n<ul>\n<li>Planowanie i organizacja spotka\u0144: umawianie i koordynacja spotka\u0144 biznesowych,<\/li>\n<li>Przypomnienia o terminach: monitorowanie i przypominanie o wa\u017cnych terminach podatkowych, rozliczeniowych oraz innych kluczowych zobowi\u0105zaniach.<\/li>\n<\/ul>\n<p><strong>\u00a0<\/strong><\/p>\n<p><strong>Korzy\u015bci ze Wsp\u00f3\u0142pracy z Us\u0142ug\u0105 Concierge<\/strong><\/p>\n<ul>\n<li>Pe\u0142na transparentno\u015b\u0107: regularne raportowanie i wgl\u0105d do dzia\u0142a\u0144 pozwalaj\u0105 kontrolowa\u0107 post\u0119py w realizacji zada\u0144.<\/li>\n<li>Oszcz\u0119dno\u015b\u0107 czasu i komfort: pe\u0142na organizacja formalno\u015bci oraz obowi\u0105zk\u00f3w administracyjnych i ksi\u0119gowych.<\/li>\n<li>Indywidualne podej\u015bcie: personalizacja us\u0142ug dostosowana do specyfiki dzia\u0142alno\u015bci Klienta, jego potrzeb i oczekiwa\u0144.<\/li>\n<\/ul>\n<p>&nbsp;<\/p>\n<p><strong>Zapraszamy do wsp\u00f3\u0142pracy!<\/strong><\/p>\n<p>Zapewniamy pe\u0142n\u0105 elastyczno\u015b\u0107 i dopasowanie zakresu wsp\u00f3\u0142pracy do Pa\u0144stwa potrzeb.<\/p>\n<p>Nasz zesp\u00f3\u0142 zadba o ka\u017cdy detal, aby Pa\u0144stwa firma mog\u0142a dzia\u0142a\u0107 sprawnie i efektywnie.<\/p>\n<p><strong>Kontakt:<\/strong><\/p>\n<ul>\n<li><strong>Telefon:<\/strong> \u00a0721-950-758<\/li>\n<li><strong>Email:<\/strong>biuro@rachasist.pl<\/li>\n<\/ul>\n","protected":false},"excerpt":{"rendered":"<p>Wsp\u00f3\u0142praca w ramach us\u0142ug concierge obejmuje szeroki wachlarz dzia\u0142a\u0144 maj\u0105cych na celu wsparcie Klienta w codziennych obowi\u0105zkach administracyjnych, ksi\u0119gowych i organizacyjnych. Nasze us\u0142ugi s\u0105 elastyczne i dostosowane do indywidualnych potrzeb ka\u017cdego Klienta, zapewniaj\u0105c kompleksow\u0105 pomoc, kt\u00f3ra pozwala zaoszcz\u0119dzi\u0107 czas i skupi\u0107 si\u0119 na kluczowych aspektach prowadzenia dzia\u0142alno\u015bci. &nbsp; Opieka Dedykowanego Ksi\u0119gowego Dedykowany opiekun Analiza potrzeb [&hellip;]<\/p>\n","protected":false},"author":1,"featured_media":376,"parent":0,"menu_order":0,"comment_status":"closed","ping_status":"closed","template":"","meta":{"footnotes":""},"_links":{"self":[{"href":"http:\/\/rachasist.pl\/index.php?rest_route=\/wp\/v2\/pages\/393"}],"collection":[{"href":"http:\/\/rachasist.pl\/index.php?rest_route=\/wp\/v2\/pages"}],"about":[{"href":"http:\/\/rachasist.pl\/index.php?rest_route=\/wp\/v2\/types\/page"}],"author":[{"embeddable":true,"href":"http:\/\/rachasist.pl\/index.php?rest_route=\/wp\/v2\/users\/1"}],"replies":[{"embeddable":true,"href":"http:\/\/rachasist.pl\/index.php?rest_route=%2Fwp%2Fv2%2Fcomments&post=393"}],"version-history":[{"count":12,"href":"http:\/\/rachasist.pl\/index.php?rest_route=\/wp\/v2\/pages\/393\/revisions"}],"predecessor-version":[{"id":505,"href":"http:\/\/rachasist.pl\/index.php?rest_route=\/wp\/v2\/pages\/393\/revisions\/505"}],"wp:featuredmedia":[{"embeddable":true,"href":"http:\/\/rachasist.pl\/index.php?rest_route=\/wp\/v2\/media\/376"}],"wp:attachment":[{"href":"http:\/\/rachasist.pl\/index.php?rest_route=%2Fwp%2Fv2%2Fmedia&parent=393"}],"curies":[{"name":"wp","href":"https:\/\/api.w.org\/{rel}","templated":true}]}}