{"id":398,"date":"2021-12-11T00:25:10","date_gmt":"2021-12-10T23:25:10","guid":{"rendered":"http:\/\/rachasist.pl\/?page_id=398"},"modified":"2025-11-29T19:56:16","modified_gmt":"2025-11-29T18:56:16","slug":"kryptowaluty","status":"publish","type":"page","link":"http:\/\/rachasist.pl\/?page_id=398","title":{"rendered":"Oferta"},"content":{"rendered":"<p>&nbsp;<\/p>\n<p>&nbsp;<\/p>\n<style>\n        body {<br \/>            font-family: 'Montserrat', sans-serif;<br \/>            line-height: 1.6;<br \/>            margin: 0;<br \/>            padding: 0;<br \/>            color: #333;<br \/>            background-color: #f9f9f9;<br \/>        }<\/p>\n<p>        header {<br \/>            background-color: #004d40;<br \/>            color: #fff;<br \/>            padding: 20px;<br \/>            text-align: center;<br \/>        }<\/p>\n<p>        header h1 {<br \/>            font-size: 2.5em;<br \/>            margin: 0;<br \/>        }<\/p>\n<p>        header p {<br \/>            margin: 5px 0 0;<br \/>        }<\/p>\n<p>        nav {<br \/>            display: flex;<br \/>            justify-content: center;<br \/>            background-color: #00695c;<br \/>            padding: 10px 0;<br \/>        }<\/p>\n<p>        nav a {<br \/>            color: #fff;<br \/>            text-decoration: none;<br \/>            margin: 0 15px;<br \/>            font-weight: 600;<br \/>            font-size: 1em;<br \/>        }<\/p>\n<p>        nav a:hover {<br \/>            text-decoration: underline;<br \/>        }<\/p>\n<p>        .container {<br \/>            max-width: 1200px;<br \/>            margin: 0 auto;<br \/>            padding: 20px;<br \/>        }<\/p>\n<p>        .section-title {<br \/>            font-size: 2em;<br \/>            color: #004d40;<br \/>            margin-bottom: 20px;<br \/>            border-bottom: 2px solid #004d40;<br \/>            display: inline-block;<br \/>        }<\/p>\n<p>        .content {<br \/>            margin-bottom: 40px;<br \/>        }<\/p>\n<p>        ul {<br \/>            padding-left: 20px;<br \/>        }<\/p>\n<p>        ul li {<br \/>            margin-bottom: 10px;<br \/>        }<\/p>\n<p>        footer {<br \/>            background-color: #004d40;<br \/>            color: #fff;<br \/>            text-align: center;<br \/>            padding: 20px 0;<br \/>            margin-top: 20px;<br \/>        }<\/p>\n<p>        footer p {<br \/>            margin: 0;<br \/>        }<\/p>\n<p>        .highlight {<br \/>            color: #00796b;<br \/>            font-weight: bold;<br \/>        }<br \/>    <\/style>\n<p>&nbsp;<\/p>\n<p>&nbsp;<\/p>\n<header>\n<h1>Biuro Rachunkowe RACHASIST sp. z o.o.<\/h1>\n<p>Twoje zaufane biuro rachunkowe<\/p>\n<\/header>\n<nav><a href=\"#about\">O nas<\/a><br \/>\n<a href=\"#services\">Us\u0142ugi<\/a><br \/>\n<a href=\"#contact\">Kontakt<\/a><\/nav>\n<div class=\"container\">\n<section id=\"about\">\n<h2 class=\"section-title\">O nas<\/h2>\n<div class=\"content\">\n<p><strong>Biuro Rachunkowe RACHASIST sp. z o.o. &#8211;\u00a0 Joanna S\u0142owik<\/strong> to firma, kt\u00f3ra\u00a0 zdo\u0142a\u0142a zbudowa\u0107 solidn\u0105 pozycj\u0119 na rynku, staj\u0105c si\u0119 stabilnym i dynamicznie rozwijaj\u0105cym si\u0119 przedsi\u0119biorstwem. Specjalizujemy si\u0119 w kompleksowej obs\u0142udze ksi\u0119gowej oraz zarz\u0105dzaniu kadrami i p\u0142acami dla firm o zr\u00f3\u017cnicowanym profilu dzia\u0142alno\u015bci oraz formie prawnej, oferuj\u0105c us\u0142ugi dostosowane do indywidualnych potrzeb naszych Klient\u00f3w.<\/p>\n<p>Jako firma, kt\u00f3ra stawia na bezpiecze\u0144stwo, posiadamy zawart\u0105 umow\u0119 ubezpieczenia odpowiedzialno\u015bci cywilnej, co daje naszym Klientom gwarancj\u0119 pe\u0142nej ochrony. Naszym celem jest budowanie zaufania, dlatego zar\u00f3wno przed rozpocz\u0119ciem, jak i w trakcie wsp\u00f3\u0142pracy, zapewniamy profesjonalne doradztwo oraz pomoc w ka\u017cdej sytuacji. Reprezentujemy naszych Klient\u00f3w podczas kontroli przed Urz\u0119dem Skarbowym oraz Zak\u0142adem Ubezpiecze\u0144 Spo\u0142ecznych, co daje im poczucie bezpiecze\u0144stwa i pewno\u015bci, \u017ce ich interesy s\u0105 zawsze w dobrych r\u0119kach.<\/p>\n<p>Dysponujemy nowoczesnym oprogramowaniem ksi\u0119gowym <strong>Comarch ERP Optima<\/strong>, kt\u00f3re od lat sprawdza si\u0119 w praktyce i pozwala nam efektywnie zarz\u0105dza\u0107 dokumentacj\u0105 ksi\u0119gow\u0105. Ponadto, mamy r\u00f3wnie\u017c do\u015bwiadczenie w obs\u0142udze takich program\u00f3w jak <strong>Streamsoft Prestige<\/strong> i <strong>SAP Business One<\/strong>, co pozwala nam dostosowa\u0107 us\u0142ugi do r\u00f3\u017cnorodnych potrzeb naszych Klient\u00f3w.<\/p>\n<p>Szeroki zakres us\u0142ug \u015bwiadczonych przez nasze biuro sprawia, \u017ce jeste\u015bmy w stanie kompleksowo zaj\u0105\u0107 si\u0119 nie tylko obs\u0142ug\u0105 rachunkow\u0105, ale tak\u017ce doradztwem gospodarczym, finansowym oraz pozyskiwaniem dotacji. Ponadto, w ramach naszej dzia\u0142alno\u015bci, oferujemy <strong>us\u0142ugi szkoleniowe<\/strong>, a Biuro Rachunkowe RACHASIST zosta\u0142o wpisane do <strong>Rejestru Instytucji Szkoleniowych<\/strong> w 2014 roku (numer wpisu: 2.08\/00069\/2014), co pozwala nam oferowa\u0107 kursy i szkolenia z zakresu ksi\u0119gowo\u015bci oraz wielu innych obszar\u00f3w.<\/p>\n<\/div>\n<\/section>\n<section id=\"services\">\n<h2 class=\"section-title\">Zakres us\u0142ug<\/h2>\n<div class=\"content\">\n<h3>1. Us\u0142ugi ksi\u0119gowe:<\/h3>\n<ul>\n<li>Pe\u0142na ksi\u0119gowo\u015b\u0107 &#8211;\u00a0 prowadzenie ksi\u0105g rachunkowych zgodnie z przepisami ustawy o rachunkowo\u015bci.<\/li>\n<li>Ksi\u0119ga Przychod\u00f3w i Rozchod\u00f3w (KPiR) &#8211;\u00a0 uproszczona ewidencja przychod\u00f3w i koszt\u00f3w dla ma\u0142ych i \u015brednich firm.<\/li>\n<li>Rycza\u0142t ewidencjonowany &#8211;\u00a0 obs\u0142uga firm na rycza\u0142cie, w tym prowadzenie ewidencji przychod\u00f3w.<\/li>\n<li>Obs\u0142uga kadrowo-p\u0142acowa &#8211; sporz\u0105dzanie list p\u0142ac, deklaracji ZUS, rozliczanie urlop\u00f3w.<\/li>\n<li>Deklaracje podatkowe &#8211;\u00a0 przygotowanie i sk\u0142adanie deklaracji PIT, CIT, VAT, AK-C.<\/li>\n<\/ul>\n<h3>2. Us\u0142ugi specjalistyczne:<\/h3>\n<ul>\n<li>Sprawozdania finansowe &#8211;\u00a0 przygotowanie i sk\u0142adanie rocznych i okresowych sprawozda\u0144 finansowych.<\/li>\n<li>Outsourcing finansowy &#8211; kompleksowa obs\u0142uga finansowa przedsi\u0119biorstw.<\/li>\n<\/ul>\n<h3>3. Konsultacje i szkolenia:<\/h3>\n<ul>\n<li>Szkolenia dla firm &#8211;\u00a0 kursy i szkolenia z zakresu ksi\u0119gowo\u015bci, finans\u00f3w, podatk\u00f3w.<\/li>\n<li>Wdra\u017canie systemu Comarch ERP Optima &#8211;\u00a0 pe\u0142na implementacja systemu.<\/li>\n<\/ul>\n<h3>4.Pomoc w otwarciu, prowadzeniu i zarz\u0105dzaniu dzia\u0142alno\u015bci\u0105<\/h3>\n<ul>\n<li>Kosmetyczn\u0105 &#8211;\u00a0 wsparcie w zakresie zakupu, prowadzenia oraz rozwoju salon\u00f3w kosmetycznych.<\/li>\n<li>Fryzjersk\u0105 &#8211;\u00a0 doradztwo w zakresie zakupu, prowadzenia oraz zarz\u0105dzania salonami fryzjerskimi.<\/li>\n<li>Gastronomiczn\u0105 &#8211;\u00a0 pomoc w zak\u0142adaniu i prowadzeniu lokali gastronomicznych, w tym restauracji, kawiarni czy cateringu.<\/li>\n<li>Zarz\u0105dzania nieruchomo\u015bciami &#8211;\u00a0 doradztwo w zakresie\u00a0 zarz\u0105dzania i rozliczania nieruchomo\u015bciami.<\/li>\n<li>Winiarsk\u0105 &#8211; wspieramy w otwieraniu oraz prowadzeniu dzia\u0142alno\u015bci winiarskich, obejmuj\u0105cych winiarnie, sklepy z winami, a tak\u017ce produkcj\u0119 i sprzeda\u017c win.<u>W tym : wsparcie w uzyskaniu licencji i zezwole\u0144<\/u><br \/>\n\u2013 Kompleksowa pomoc w przygotowaniu dokumentacji niezb\u0119dnej do uzyskania wymaganych zezwole\u0144 na produkcj\u0119, sprzeda\u017c lub dystrybucj\u0119 win.<br \/>\n\u2013 Doradztwo w zakresie zgodno\u015bci z przepisami prawa oraz wsparcie w kontaktach z urz\u0119dami.<br \/>\n\u2013 W p\u00f3\u017aniejszym etapie \u2013 opracowywanie i rozliczanie dokumentacji zwi\u0105zanej z bie\u017c\u0105c\u0105 dzia\u0142alno\u015bci\u0105 winiarsk\u0105, w tym podatkami<br \/>\nakcyzowymi.Ponadto, pomagamy w budowaniu strategii marketingowej, kt\u00f3re wyr\u00f3\u017cni\u0105 winiarni\u0119 na rynku, oraz w tworzeniu oferty, kt\u00f3ra przyci\u0105gnie mi\u0142o\u015bnik\u00f3w win i zwi\u0119kszy sprzeda\u017c<\/li>\n<\/ul>\n<\/div>\n<\/section>\n<section id=\"contact\">\n<div class=\"content\">\n<h4><\/h4>\n<h4>Zach\u0119camy do skorzystania z naszych us\u0142ug \u2013 nasze do\u015bwiadczenie i indywidualne podej\u015bcie do ka\u017cdego Klienta gwarantuj\u0105 pe\u0142ne zadowolenie i sukces wsp\u00f3\u0142pracy!<\/h4>\n<p>&nbsp;<\/p>\n<\/div>\n<\/section>\n<\/div>\n<footer>\u00a9 2024 Biuro Rachunkowe RACHASIST sp. z o.o. Wszelkie prawa zastrze\u017cone.<\/footer>\n<p>&nbsp;<\/p>\n<p>&nbsp;<\/p>\n","protected":false},"excerpt":{"rendered":"<p>&nbsp; &nbsp; &nbsp; &nbsp; Biuro Rachunkowe RACHASIST sp. z o.o. Twoje zaufane biuro rachunkowe O nas Us\u0142ugi Kontakt O nas Biuro Rachunkowe RACHASIST sp. z o.o. &#8211;\u00a0 Joanna S\u0142owik to firma, kt\u00f3ra\u00a0 zdo\u0142a\u0142a zbudowa\u0107 solidn\u0105 pozycj\u0119 na rynku, staj\u0105c si\u0119 stabilnym i dynamicznie rozwijaj\u0105cym si\u0119 przedsi\u0119biorstwem. Specjalizujemy si\u0119 w kompleksowej obs\u0142udze ksi\u0119gowej oraz zarz\u0105dzaniu kadrami [&hellip;]<\/p>\n","protected":false},"author":1,"featured_media":254,"parent":0,"menu_order":0,"comment_status":"closed","ping_status":"closed","template":"","meta":{"footnotes":""},"_links":{"self":[{"href":"http:\/\/rachasist.pl\/index.php?rest_route=\/wp\/v2\/pages\/398"}],"collection":[{"href":"http:\/\/rachasist.pl\/index.php?rest_route=\/wp\/v2\/pages"}],"about":[{"href":"http:\/\/rachasist.pl\/index.php?rest_route=\/wp\/v2\/types\/page"}],"author":[{"embeddable":true,"href":"http:\/\/rachasist.pl\/index.php?rest_route=\/wp\/v2\/users\/1"}],"replies":[{"embeddable":true,"href":"http:\/\/rachasist.pl\/index.php?rest_route=%2Fwp%2Fv2%2Fcomments&post=398"}],"version-history":[{"count":22,"href":"http:\/\/rachasist.pl\/index.php?rest_route=\/wp\/v2\/pages\/398\/revisions"}],"predecessor-version":[{"id":499,"href":"http:\/\/rachasist.pl\/index.php?rest_route=\/wp\/v2\/pages\/398\/revisions\/499"}],"wp:featuredmedia":[{"embeddable":true,"href":"http:\/\/rachasist.pl\/index.php?rest_route=\/wp\/v2\/media\/254"}],"wp:attachment":[{"href":"http:\/\/rachasist.pl\/index.php?rest_route=%2Fwp%2Fv2%2Fmedia&parent=398"}],"curies":[{"name":"wp","href":"https:\/\/api.w.org\/{rel}","templated":true}]}}