{"id":491,"date":"2025-11-29T19:36:46","date_gmt":"2025-11-29T18:36:46","guid":{"rendered":"http:\/\/rachasist.pl\/?page_id=491"},"modified":"2025-11-29T19:52:49","modified_gmt":"2025-11-29T18:52:49","slug":"aktualnosci","status":"publish","type":"page","link":"http:\/\/rachasist.pl\/?page_id=491","title":{"rendered":"Aktualno\u015bci"},"content":{"rendered":"<p><strong>Audyt Inwentaryzacyjny &#8211; kompleksowe wsparcie na koniec (i w trakcie) roku<\/strong><\/p>\n<p>Zbli\u017ca si\u0119 koniec roku obrotowego &#8211; \u00a0a wraz z nim obowi\u0105zek przeprowadzenia inwentaryzacji. Cho\u0107 jej podstawowym terminem jest <strong>ostatni dzie\u0144 roku<\/strong>, prace spisowe mo\u017cna rozpocz\u0105\u0107 ju\u017c <strong>3 miesi\u0105ce wcze\u015bniej<\/strong> i zako\u0144czy\u0107 do <strong>15. dnia po zako\u0144czeniu roku obrotowego<\/strong>.<\/p>\n<p>W naszym Biurze to Klient jest w centrum wszelkich dzia\u0142a\u0144. Rozumiemy, jak wymagaj\u0105cy i czasoch\u0142onny potrafi by\u0107 proces inwentaryzacji, dlatego rozszerzyli\u015bmy zakres naszych us\u0142ug o <strong>profesjonalny audyt inwentaryzacyjny<\/strong>. Jego celem jest rzetelne ustalenie warto\u015bci i ilo\u015bci inwentaryzowanych sk\u0142adnik\u00f3w maj\u0105tku, a tak\u017ce wsparcie przedsi\u0119biorc\u00f3w w sprawnym zamkni\u0119ciu roku.<\/p>\n<p><strong>Co zapewnia nasz audyt inwentaryzacyjny?<\/strong><\/p>\n<ul>\n<li>wprowadzenie danych do systemu ksi\u0119gowego,<\/li>\n<li>sprawdzenie zgodno\u015bci stanu faktycznego z ewidencj\u0105,<\/li>\n<li>wykrycie i analiz\u0119 rozbie\u017cno\u015bci,<\/li>\n<li>przygotowanie profesjonalnych raport\u00f3w podsumowuj\u0105cych.<\/li>\n<\/ul>\n<p><strong>Co zyskasz z naszym audytem inwentaryzacyjnym?<\/strong><\/p>\n<ul>\n<li><strong>Oszcz\u0119dzisz czas i nerwy<\/strong><br \/>\nPrzejmujemy ca\u0142y \u017cmudny proces, a Ty mo\u017cesz zaj\u0105\u0107 si\u0119 firm\u0105.<\/li>\n<li><strong>Zyskasz pewno\u015b\u0107 i porz\u0105dek w dokumentach<\/strong><br \/>\nWarto\u015bci i ilo\u015bci sk\u0142adnik\u00f3w maj\u0105tku ustalone rzetelnie, przejrzy\u015bcie i zgodnie z przepisami.<\/li>\n<li><strong>Wyeliminujesz b\u0142\u0119dy zanim stan\u0105 si\u0119 problemem<\/strong><br \/>\nWy\u0142apujemy i wyja\u015bniamy ka\u017cd\u0105 rozbie\u017cno\u015b\u0107 mi\u0119dzy ewidencj\u0105 a rzeczywisto\u015bci\u0105.<\/li>\n<li><strong>Otrzymasz gotowe raporty finansowe<\/strong><br \/>\nCzytelne zestawienia, kt\u00f3re u\u0142atwi\u0105 zamkni\u0119cie roku i przygotowanie sprawozdania.<\/li>\n<\/ul>\n<p><strong>Z nami inwentaryzacja przestaje by\u0107 problemem &#8211; \u00a0staje si\u0119 formalno\u015bci\u0105.<\/strong><\/p>\n<p>Chcesz przej\u015b\u0107 przez koniec roku bez stresu?\u00a0 Odezwij si\u0119 &#8211; \u00a0przygotujemy ofert\u0119 dopasowan\u0105 do Twojej firmy.<\/p>\n<p>Tw\u00f3j partner w biznesie od pierwszej decyzji &#8211; Joanna S\u0142owik<\/p>\n","protected":false},"excerpt":{"rendered":"<p>Audyt Inwentaryzacyjny &#8211; kompleksowe wsparcie na koniec (i w trakcie) roku Zbli\u017ca si\u0119 koniec roku obrotowego &#8211; \u00a0a wraz z nim obowi\u0105zek przeprowadzenia inwentaryzacji. Cho\u0107 jej podstawowym terminem jest ostatni dzie\u0144 roku, prace spisowe mo\u017cna rozpocz\u0105\u0107 ju\u017c 3 miesi\u0105ce wcze\u015bniej i zako\u0144czy\u0107 do 15. dnia po zako\u0144czeniu roku obrotowego. W naszym Biurze to Klient jest [&hellip;]<\/p>\n","protected":false},"author":1,"featured_media":0,"parent":0,"menu_order":0,"comment_status":"closed","ping_status":"closed","template":"","meta":{"footnotes":""},"_links":{"self":[{"href":"http:\/\/rachasist.pl\/index.php?rest_route=\/wp\/v2\/pages\/491"}],"collection":[{"href":"http:\/\/rachasist.pl\/index.php?rest_route=\/wp\/v2\/pages"}],"about":[{"href":"http:\/\/rachasist.pl\/index.php?rest_route=\/wp\/v2\/types\/page"}],"author":[{"embeddable":true,"href":"http:\/\/rachasist.pl\/index.php?rest_route=\/wp\/v2\/users\/1"}],"replies":[{"embeddable":true,"href":"http:\/\/rachasist.pl\/index.php?rest_route=%2Fwp%2Fv2%2Fcomments&post=491"}],"version-history":[{"count":4,"href":"http:\/\/rachasist.pl\/index.php?rest_route=\/wp\/v2\/pages\/491\/revisions"}],"predecessor-version":[{"id":496,"href":"http:\/\/rachasist.pl\/index.php?rest_route=\/wp\/v2\/pages\/491\/revisions\/496"}],"wp:attachment":[{"href":"http:\/\/rachasist.pl\/index.php?rest_route=%2Fwp%2Fv2%2Fmedia&parent=491"}],"curies":[{"name":"wp","href":"https:\/\/api.w.org\/{rel}","templated":true}]}}