{"id":6,"date":"2014-08-01T14:27:01","date_gmt":"2014-08-01T12:27:01","guid":{"rendered":"http:\/\/rachasist.pl\/?page_id=6"},"modified":"2025-11-29T19:54:54","modified_gmt":"2025-11-29T18:54:54","slug":"o-firmie","status":"publish","type":"page","link":"http:\/\/rachasist.pl\/?page_id=6","title":{"rendered":"O mnie"},"content":{"rendered":"<p>Kim jestem? Jestem kim\u015b wi\u0119cej ni\u017c marzycielk\u0105 &#8211;\u00a0 jestem wizjonerk\u0105, osob\u0105, kt\u00f3ra patrzy daleko w przysz\u0142o\u015b\u0107 i potrafi zamienia\u0107 idee w rzeczywisto\u015b\u0107. Moje wizje inspiruj\u0105 innych, popychaj\u0105 do dzia\u0142ania i otwieraj\u0105 przed nimi nowe horyzonty. Dzi\u0119ki umiej\u0119tno\u015bci dostrzegania szans tam, gdzie inni widz\u0105 wy\u0142\u0105cznie przeszkody, jestem katalizatorem zmian.<\/p>\n<p>Posiadam w sobie odwag\u0119 i determinacj\u0119, kt\u00f3ra nie tylko prowadzi, ale r\u00f3wnie\u017c motywuje do wprowadzania innowacji i odwa\u017cnych zmian w otaczaj\u0105cym \u015bwiecie. Moje projekty to nie tylko zadania &#8211;\u00a0 to drogowskazy, kt\u00f3re wskazuj\u0105 kierunek rozwoju.<\/p>\n<p><strong>Na co dzie\u0144<\/strong> zarz\u0105dzam ksi\u0119gowo\u015bci\u0105 i finansami, dbaj\u0105c o to, by firmy, z kt\u00f3rymi wsp\u00f3\u0142pracuj\u0119, dzia\u0142a\u0142y stabilnie i zgodnie z obowi\u0105zuj\u0105cymi przepisami. Moje zadania s\u0105 kluczowe dla p\u0142ynno\u015bci finansowej &#8211;\u00a0 od rejestrowania transakcji, przez monitorowanie bud\u017cet\u00f3w, po przygotowanie sprawozda\u0144 i zapewnienie zgodno\u015bci z przepisami podatkowymi.<\/p>\n<p>Nie poprzestaj\u0119 na rutynie. Z sukcesem organizuj\u0119 i prowadz\u0119 szkolenia dla os\u00f3b zarz\u0105dzaj\u0105cych firmami, wspieraj\u0105c ich w odkrywaniu talent\u00f3w i rozwijaniu biznesu. Ka\u017cde takie spotkanie to nie tylko wiedza, ale te\u017c inwestycja w przysz\u0142e sukcesy moich klient\u00f3w.<\/p>\n<p>Moje motto brzmi: &#8220;<strong>Nieustannie rozwijaj si\u0119 &#8211;\u00a0 bo jutro stajesz si\u0119 tym, kim dzi\u015b si\u0119 uczysz by\u0107.<\/strong>&#8221; Codziennie d\u0105\u017c\u0119 do doskonalenia siebie i swoich umiej\u0119tno\u015bci, wierz\u0105c, \u017ce rozw\u00f3j to klucz do sukcesu.<\/p>\n<p>W mojej pracy aktywnie buduj\u0119 strategie i poprawiam komunikacj\u0119, by wspiera\u0107 klient\u00f3w w osi\u0105ganiu ich cel\u00f3w. Jestem zwolenniczk\u0105 ci\u0105g\u0142ego post\u0119pu, wierz\u0105c, \u017ce najwi\u0119ksze mo\u017cliwo\u015bci kryj\u0105 si\u0119 w nieustannym eksplorowaniu i nauce.<\/p>\n<p><strong>&#8220;Nie st\u00f3j w miejscu. Rozwijaj si\u0119, odkrywaj, si\u0119gaj dalej &#8211;\u00a0 tylko tak mo\u017cesz odkry\u0107 sw\u00f3j prawdziwy potencja\u0142.&#8221;<\/strong><\/p>\n<p>&nbsp;<\/p>\n<p><img decoding=\"async\" src=\"http:\/\/rachasist.pl\/joanna_slowik.jpg\" alt=\"\" align=\"right\" \/><\/p>\n<div data-reactid=\".33.$mid=11423227340104=25183eee99eecf5c547.2:0.0.0.0\"><span class=\"_5yl5\" data-reactid=\".33.$mid=11423227340104=25183eee99eecf5c547.2:0.0.0.0.0\"><span data-reactid=\".33.$mid=11423227340104=25183eee99eecf5c547.2:0.0.0.0.0.0\"><span data-reactid=\".33.$mid=11423227340104=25183eee99eecf5c547.2:0.0.0.0.0.0.$end:0:$0:0\">\u00a0<\/span><\/span><\/span><\/div>\n<table border=\"0\">\n<tbody>\n<tr>\n<td><center><a href=\"http:\/\/www.iksiegowosc24.pl\/biura-rachunkowe\/lubuskie\/zielona-gora\/biuro-rachunkowe-rachasist-joanna-slowik\"><img decoding=\"async\" src=\"http:\/\/rachasist.pl\/iksiegowosc.png\" alt=\"Biuro polecane przez iKsi\u0119gowo\u015b\u0107\" \/><\/a><\/center><\/td>\n<td><center><img decoding=\"async\" src=\"http:\/\/rachasist.pl\/logocomarch.png\" alt=\"U\u017cywam Comarch ERP\" width=\"240px\" height=\"100px\" \/><\/center><\/td>\n<\/tr>\n<\/tbody>\n<\/table>\n","protected":false},"excerpt":{"rendered":"<p>Kim jestem? Jestem kim\u015b wi\u0119cej ni\u017c marzycielk\u0105 &#8211;\u00a0 jestem wizjonerk\u0105, osob\u0105, kt\u00f3ra patrzy daleko w przysz\u0142o\u015b\u0107 i potrafi zamienia\u0107 idee w rzeczywisto\u015b\u0107. Moje wizje inspiruj\u0105 innych, popychaj\u0105 do dzia\u0142ania i otwieraj\u0105 przed nimi nowe horyzonty. Dzi\u0119ki umiej\u0119tno\u015bci dostrzegania szans tam, gdzie inni widz\u0105 wy\u0142\u0105cznie przeszkody, jestem katalizatorem zmian. Posiadam w sobie odwag\u0119 i determinacj\u0119, kt\u00f3ra [&hellip;]<\/p>\n","protected":false},"author":1,"featured_media":456,"parent":0,"menu_order":0,"comment_status":"closed","ping_status":"closed","template":"","meta":{"footnotes":""},"_links":{"self":[{"href":"http:\/\/rachasist.pl\/index.php?rest_route=\/wp\/v2\/pages\/6"}],"collection":[{"href":"http:\/\/rachasist.pl\/index.php?rest_route=\/wp\/v2\/pages"}],"about":[{"href":"http:\/\/rachasist.pl\/index.php?rest_route=\/wp\/v2\/types\/page"}],"author":[{"embeddable":true,"href":"http:\/\/rachasist.pl\/index.php?rest_route=\/wp\/v2\/users\/1"}],"replies":[{"embeddable":true,"href":"http:\/\/rachasist.pl\/index.php?rest_route=%2Fwp%2Fv2%2Fcomments&post=6"}],"version-history":[{"count":58,"href":"http:\/\/rachasist.pl\/index.php?rest_route=\/wp\/v2\/pages\/6\/revisions"}],"predecessor-version":[{"id":498,"href":"http:\/\/rachasist.pl\/index.php?rest_route=\/wp\/v2\/pages\/6\/revisions\/498"}],"wp:featuredmedia":[{"embeddable":true,"href":"http:\/\/rachasist.pl\/index.php?rest_route=\/wp\/v2\/media\/456"}],"wp:attachment":[{"href":"http:\/\/rachasist.pl\/index.php?rest_route=%2Fwp%2Fv2%2Fmedia&parent=6"}],"curies":[{"name":"wp","href":"https:\/\/api.w.org\/{rel}","templated":true}]}}